{"id":2201,"date":"2022-03-01T08:24:34","date_gmt":"2022-03-01T08:24:34","guid":{"rendered":"https:\/\/website-altanure.algarsoft.pt\/mentions-legales\/"},"modified":"2025-06-04T16:31:38","modified_gmt":"2025-06-04T15:31:38","slug":"mentions-legales","status":"publish","type":"page","link":"https:\/\/altanure.org\/fr\/mentions-legales\/","title":{"rendered":"Mentions l\u00e9gales"},"content":{"rendered":"\n<p><\/p>\n\n<p>1. Le pr\u00e9sent avis a pour but de vous informer de notre politique concernant toutes les informations que nous enregistrons \u00e0 votre sujet. Elle d\u00e9finit les conditions dans lesquelles nous pouvons traiter toute information que nous recueillons aupr\u00e8s de vous ou que vous nous fournissez. Elle couvre les informations susceptibles de vous identifier (\u00ab informations personnelles \u00bb) et celles qui ne le sont pas. Dans le contexte de la loi et du pr\u00e9sent avis, on entend par \u00ab traitement \u00bb la collecte, le stockage, le transfert, l\u2019utilisation ou toute autre action sur les informations.   <br\/><br\/>2. Si vous n\u2019\u00eates pas satisfait d\u2019un ou de plusieurs des points ci-dessous, votre seul recours est de quitter notre site web.<\/p>\n\n<p>3. Nous prenons au s\u00e9rieux la protection de votre vie priv\u00e9e et de votre confidentialit\u00e9. Nous comprenons que tous les visiteurs de notre site web ont le droit de savoir que leurs donn\u00e9es personnelles ne seront pas utilis\u00e9es \u00e0 des fins non pr\u00e9vues par eux et qu\u2019elles ne tomberont pas accidentellement entre les mains d\u2019un tiers. <\/p>\n\n<p>4. Nous nous engageons \u00e0 pr\u00e9server la confidentialit\u00e9 de toutes les informations que vous nous fournissez et esp\u00e9rons que vous ferez de m\u00eame.<\/p>\n\n<p>5. Notre politique est conforme au R\u00e8glement g\u00e9n\u00e9ral sur la protection des donn\u00e9es (RGPD) de l\u2019UE.<\/p>\n\n<p>6. La loi nous oblige \u00e0 vous informer de vos droits et de nos obligations envers vous en ce qui concerne le traitement et le contr\u00f4le de vos donn\u00e9es personnelles. Nous le faisons maintenant, en vous demandant de lire les informations fournies \u00e0 l\u2019adresse www.knowyourprivacyrights.org. <\/p>\n\n<p>7. Sauf dans les cas d\u00e9crits ci-dessous, nous ne partageons pas, ne vendons pas et ne divulguons pas \u00e0 des tiers les informations recueillies par l\u2019interm\u00e9diaire de notre site web.<\/p>\n\n<h2 class=\"wp-block-heading\"><strong>La base sur laquelle nous traitons les informations vous concernant<\/strong><\/h2>\n\n<p>La loi nous oblige \u00e0 d\u00e9terminer, parmi six bases d\u00e9finies, celle sur laquelle nous traitons les diff\u00e9rentes cat\u00e9gories de vos informations personnelles, et \u00e0 vous notifier la base de chaque cat\u00e9gorie.<br\/>Si une base sur laquelle nous traitons vos informations personnelles n\u2019est plus pertinente, nous devons imm\u00e9diatement cesser de traiter vos donn\u00e9es.<br\/>Si la base change, nous vous informerons, si la loi l\u2019exige, du changement et de toute nouvelle base sur laquelle nous avons d\u00e9termin\u00e9 que nous pouvons continuer \u00e0 traiter vos informations.<\/p>\n\n<h2 class=\"wp-block-heading\"><strong>1. Informations que nous traitons parce que nous avons une obligation contractuelle avec vous<\/strong> <\/h2>\n\n<p>Lorsque vous cr\u00e9ez un compte sur notre site web, que vous achetez un produit ou un service chez nous ou que vous acceptez nos conditions g\u00e9n\u00e9rales, un contrat est form\u00e9 entre vous et nous.<br\/>Afin d\u2019ex\u00e9cuter nos obligations en vertu de ce contrat, nous devons traiter les informations que vous nous fournissez. Certaines de ces informations peuvent \u00eatre des informations personnelles. <br\/><br\/>Nous pouvons les utiliser pour :<br\/>\u2013 v\u00e9rifier votre identit\u00e9 \u00e0 des fins de s\u00e9curit\u00e9<br\/>\u2013 vous vendre des produits<br\/>\u2013 vous fournir nos services<br\/>\u2013 vous fournir des suggestions et des conseils sur les produits, les services et la mani\u00e8re de tirer le meilleur parti de notre site web.<br\/>\u2013 nous traitons ces informations sur la base d\u2019un contrat entre nous, ou parce que vous nous avez demand\u00e9 d\u2019utiliser ces informations avant de conclure un contrat l\u00e9gal.<\/p>\n\n<p>En outre, nous pouvons regrouper ces informations d\u2019une mani\u00e8re g\u00e9n\u00e9rale et les utiliser pour fournir des informations de classe, par exemple pour contr\u00f4ler nos performances en ce qui concerne un service particulier que nous fournissons. Si nous les utilisons \u00e0 cette fin, vous ne serez pas personnellement identifiable.<br\/>Nous continuerons \u00e0 traiter ces informations jusqu\u2019\u00e0 ce que le contrat entre nous prenne fin ou soit r\u00e9sili\u00e9 par l\u2019une ou l\u2019autre des parties conform\u00e9ment aux termes du contrat. <\/p>\n\n<h2 class=\"wp-block-heading\"><strong>2. Informations trait\u00e9es avec votre consentement<\/strong><\/h2>\n\n<p>Par certaines actions, alors qu\u2019il n\u2019existe aucune relation contractuelle entre nous, comme lorsque vous naviguez sur notre site web ou que vous nous demandez de vous fournir plus d\u2019informations sur nos activit\u00e9s, nos produits et nos services, vous nous donnez votre consentement pour traiter des informations qui peuvent \u00eatre des informations \u00e0 caract\u00e8re personnel.<br\/>Dans la mesure du possible, nous cherchons \u00e0 obtenir votre consentement explicite pour traiter ces informations, par exemple en vous demandant d\u2019accepter notre utilisation de cookies.<br\/><br\/>Parfois, vous pouvez donner votre consentement de mani\u00e8re implicite, par exemple lorsque vous nous envoyez un message par courrier \u00e9lectronique auquel vous vous attendez raisonnablement \u00e0 ce que nous r\u00e9pondions.<br\/>Sauf si vous avez consenti \u00e0 ce que nous utilisions vos informations dans un but sp\u00e9cifique, nous n\u2019utilisons pas vos informations d\u2019une mani\u00e8re qui permettrait de vous identifier personnellement. Nous pouvons les regrouper d\u2019une mani\u00e8re g\u00e9n\u00e9rale et les utiliser pour fournir des informations de classe, par exemple pour contr\u00f4ler les performances d\u2019une page particuli\u00e8re de notre site web. <br\/><br\/>Nous continuons \u00e0 traiter vos informations sur cette base jusqu\u2019\u00e0 ce que vous retiriez votre consentement ou que l\u2019on puisse raisonnablement supposer que votre consentement n\u2019existe plus.<br\/>Vous pouvez retirer votre consentement \u00e0 tout moment en nous en informant \u00e0 l\u2019adresse info@altanure.org. Toutefois, dans ce cas, il se peut que vous ne puissiez plus utiliser notre site web ou nos services. <\/p>\n\n<h2 class=\"wp-block-heading\"><strong>3. Informations trait\u00e9es aux fins d\u2019int\u00e9r\u00eats l\u00e9gitimes<\/strong><\/h2>\n\n<p>Nous pouvons traiter les informations sur la base d\u2019un int\u00e9r\u00eat l\u00e9gitime, que ce soit pour vous ou pour nous.<br\/><br\/>Lorsque nous traitons vos informations sur cette base, nous le faisons apr\u00e8s avoir examin\u00e9 attentivement les points suivants :<br\/>\u2013 si le m\u00eame objectif pourrait \u00eatre atteint par d\u2019autres moyens<br\/>\u2013 si le traitement (ou l\u2019absence de traitement) pourrait vous porter pr\u00e9judice<br\/>\u2013 si vous vous attendez \u00e0 ce que nous traitions vos donn\u00e9es et si vous consid\u00e9rez qu\u2019il est raisonnable de le faire.<br\/><br\/>Par exemple, nous pouvons traiter vos donn\u00e9es sur cette base aux fins suivantes :<br\/>la tenue de registres pour l\u2019administration correcte et n\u00e9cessaire de nos activit\u00e9s la r\u00e9ponse \u00e0 des communications non sollicit\u00e9es de votre part auxquelles nous pensons que vous attendez une r\u00e9ponse la protection et la revendication des droits l\u00e9gaux de toute partie l\u2019assurance ou l\u2019obtention de conseils professionnels n\u00e9cessaires \u00e0 la gestion des risques commerciaux la protection de vos int\u00e9r\u00eats lorsque nous pensons avoir l\u2019obligation de le faire.<\/p>\n\n<h2 class=\"wp-block-heading\"><strong>4. Informations trait\u00e9es en raison d\u2019une obligation l\u00e9gale<\/strong><\/h2>\n\n<p>Nous sommes soumis \u00e0 la loi comme tout le monde. Parfois, nous devons traiter vos informations afin de nous conformer \u00e0 une obligation l\u00e9gale.<br\/>Par exemple, nous pouvons \u00eatre tenus de fournir des informations aux autorit\u00e9s l\u00e9gales si elles en font la demande ou si elles disposent d\u2019une autorisation appropri\u00e9e, telle qu\u2019un mandat de perquisition ou une d\u00e9cision de justice.<br\/>Ces informations peuvent inclure vos donn\u00e9es personnelles. <\/p>\n\n<h2 class=\"wp-block-heading\"><strong>5. Informations fournies en sachant qu\u2019elles seront partag\u00e9es avec un tiers<\/strong><\/h2>\n\n<p>Notre site web peut vous permettre de publier des informations dans le but qu\u2019elles soient lues, copi\u00e9es, t\u00e9l\u00e9charg\u00e9es ou utilis\u00e9es par d\u2019autres personnes.<br\/>Voici quelques exemples :<br\/>\u2013 la publication d\u2019un message sur un forum<br\/>\u2013 marquer une image<br\/>\u2013 cliquer sur une ic\u00f4ne \u00e0 c\u00f4t\u00e9 du message d\u2019un autre visiteur pour exprimer votre accord, votre d\u00e9saccord ou vos remerciements. <br\/><br\/>Lorsque vous publiez des informations personnelles, il vous appartient de vous assurer du niveau de confidentialit\u00e9 de chaque personne susceptible de les utiliser.<br\/>Nous n\u2019utilisons pas sp\u00e9cifiquement ces informations, sauf pour permettre leur affichage ou leur partage.<br\/>Nous les conservons et nous nous r\u00e9servons le droit de les utiliser \u00e0 l\u2019avenir de la mani\u00e8re que nous d\u00e9ciderons.<br\/>Une fois que vos informations entrent dans le domaine public, nous n\u2019avons aucun contr\u00f4le sur ce qu\u2019un tiers peut en faire. Nous n\u2019acceptons aucune responsabilit\u00e9 pour leurs actions \u00e0 quelque moment que ce soit. <\/p>\n\n<p>\u00c0 condition que votre demande soit raisonnable et qu\u2019il n\u2019existe aucune base juridique nous permettant de la conserver, nous pouvons, \u00e0 notre discr\u00e9tion, accepter votre demande de suppression des informations personnelles que vous avez publi\u00e9es. Vous pouvez faire une demande en nous contactant \u00e0 l\u2019adresse info@altanure.org. <\/p>\n\n<h2 class=\"wp-block-heading\"><strong>6. Plaintes concernant le contenu de notre site web<\/strong><\/h2>\n\n<p>Nous nous effor\u00e7ons de mod\u00e9rer les contenus g\u00e9n\u00e9r\u00e9s par les utilisateurs, mais nous ne sommes pas toujours en mesure de le faire d\u00e8s que ces contenus sont publi\u00e9s.<br\/>Si vous vous plaignez d\u2019un contenu de notre site web, nous examinerons votre plainte.<br\/>Si nous estimons que cela est justifi\u00e9 ou si nous pensons que la loi nous y oblige, nous retirerons le contenu pendant la dur\u00e9e de l\u2019enqu\u00eate.<br\/>La libert\u00e9 d\u2019expression est un droit fondamental, et nous devons donc d\u00e9terminer qui, de vous ou de la personne qui a publi\u00e9 le contenu qui vous offense, verra son droit entrav\u00e9.<br\/>Si nous estimons que votre plainte est vexatoire ou sans fondement, nous ne correspondrons pas avec vous \u00e0 ce sujet.<\/p>\n\n<h2 class=\"wp-block-heading\"><strong>7. Informations relatives \u00e0 votre mode de paiement<\/strong><\/h2>\n\n<p>Nous ne prenons jamais d\u2019informations de paiement et nous ne les transmettons jamais, que ce soit par l\u2019interm\u00e9diaire de notre site web ou d\u2019une autre mani\u00e8re. Nos employ\u00e9s et nos sous-traitants n\u2019y ont jamais acc\u00e8s.<br\/>Au moment du paiement, vous \u00eates transf\u00e9r\u00e9 sur une page s\u00e9curis\u00e9e du site web de Smoobu. <br\/><br\/>Cette page peut \u00eatre pr\u00e9sent\u00e9e comme une page de notre site web, mais elle n\u2019est pas contr\u00f4l\u00e9e par nous.<\/p>\n\n<h2 class=\"wp-block-heading\"><strong><strong>8. Demande d\u2019emploi et recrutement<\/strong><\/strong><\/h2>\n\n<p>Si vous nous envoyez des informations dans le cadre d\u2019une demande d\u2019emploi, nous pouvons les conserver pendant trois ans au maximum, au cas o\u00f9 nous d\u00e9ciderions de vous contacter ult\u00e9rieurement.<\/p>\n\n<p>Si nous vous employons, nous recueillons des informations sur vous et votre travail de temps \u00e0 autre pendant la dur\u00e9e de votre emploi. Ces informations ne seront utilis\u00e9es qu\u2019\u00e0 des fins directement li\u00e9es \u00e0 votre emploi. Apr\u00e8s la fin de votre emploi, nous conserverons votre dossier pendant sept ans avant de le d\u00e9truire ou de l\u2019effacer.  <\/p>\n\n<h2 class=\"wp-block-heading\"><strong><strong>9. Envoi d\u2019un message \u00e0 notre \u00e9quipe d\u2019assistance<\/strong><\/strong><\/h2>\n\n<p>Lorsque vous nous contactez, que ce soit par t\u00e9l\u00e9phone, par l\u2019interm\u00e9diaire de notre site web ou par courrier \u00e9lectronique, nous recueillons les donn\u00e9es que vous nous avez fournies afin de vous r\u00e9pondre avec les informations dont vous avez besoin.<\/p>\n\n<p>Nous enregistrons votre demande et notre r\u00e9ponse afin d\u2019am\u00e9liorer l\u2019efficacit\u00e9 de nos activit\u00e9s.<\/p>\n\n<p>Nous conservons les informations personnellement identifiables associ\u00e9es \u00e0 votre message, telles que votre nom et votre adresse \u00e9lectronique, afin de pouvoir suivre nos communications avec vous et de vous fournir un service de haute qualit\u00e9.<\/p>\n\n<h2 class=\"wp-block-heading\"><strong><strong>10. <strong>Plaintes<\/strong><\/strong><\/strong><\/h2>\n\n<p>Lorsque nous recevons une plainte, nous enregistrons toutes les informations que vous nous avez fournies.<br\/>Nous utilisons ces informations pour r\u00e9soudre votre plainte.<\/p>\n\n<p>Si votre plainte nous oblige raisonnablement \u00e0 contacter une autre personne, nous pouvons d\u00e9cider de lui communiquer certaines des informations contenues dans votre plainte. Nous le faisons aussi rarement que possible, mais la d\u00e9cision de communiquer ou non des informations et, le cas \u00e9ch\u00e9ant, la nature de ces informations sont laiss\u00e9es \u00e0 notre enti\u00e8re discr\u00e9tion.<br\/>Nous pouvons \u00e9galement \u00e9tablir des statistiques \u00e0 partir des informations obtenues de cette source afin d\u2019\u00e9valuer le niveau de service que nous fournissons, mais pas d\u2019une mani\u00e8re qui permettrait de vous identifier ou d\u2019identifier toute autre personne. <br\/><br\/>Utilisation des informations que nous recueillons par le biais de syst\u00e8mes automatis\u00e9s lorsque vous visitez notre site web<\/p>\n\n<h2 class=\"wp-block-heading\"><strong><strong>11. Les Cookies<\/strong><\/strong><\/h2>\n\n<p>Les cookies sont de petits fichiers texte plac\u00e9s sur le disque dur de votre ordinateur par votre navigateur web lorsque vous visitez un site web. Ils permettent de stocker les informations recueillies sur une page web jusqu\u2019\u00e0 ce qu\u2019elles soient utilis\u00e9es sur une autre page, ce qui permet \u00e0 un site web de vous offrir une exp\u00e9rience personnalis\u00e9e et au propri\u00e9taire du site web de disposer de statistiques sur la fa\u00e7on dont vous utilisez le site web afin de l\u2019am\u00e9liorer.<br\/>Certains cookies ont une dur\u00e9e de vie limit\u00e9e, par exemple un jour ou jusqu\u2019\u00e0 ce que vous fermiez votre navigateur. D\u2019autres durent ind\u00e9finiment.<br\/>Votre navigateur web doit vous permettre de supprimer tous les cookies de votre choix. Il doit \u00e9galement vous permettre d\u2019emp\u00eacher ou de limiter leur utilisation.<br\/>Notre site web utilise des cookies. Ils sont plac\u00e9s par des logiciels qui fonctionnent sur nos serveurs et par des logiciels exploit\u00e9s par des tiers dont nous utilisons les services.<br\/>Lorsque vous visitez notre site web pour la premi\u00e8re fois, nous vous demandons si vous souhaitez que nous utilisions des cookies. Si vous choisissez de ne pas les accepter, nous ne les utiliserons pas pour votre visite, sauf pour enregistrer le fait que vous n\u2019avez pas consenti \u00e0 leur utilisation \u00e0 d\u2019autres fins.<br\/>Si vous choisissez de ne pas utiliser de cookies ou si vous emp\u00eachez leur utilisation par le biais des param\u00e8tres de votre navigateur, vous ne pourrez pas utiliser toutes les fonctionnalit\u00e9s de notre site web.     <\/p>\n\n<p>Nous utilisons les cookies de la mani\u00e8re suivante :<br\/>\u2013 pour savoir comment vous utilisez notre site web<br\/>\u2013 pour savoir si vous avez vu des messages sp\u00e9cifiques que nous affichons sur notre site web<br\/>\u2013 pour vous permettre de rester connect\u00e9 \u00e0 notre site<br\/>\u2013 pour enregistrer vos r\u00e9ponses aux enqu\u00eates et aux questionnaires sur notre site pendant que vous les remplissez<br\/>\u2013 enregistrer le fil de la conversation lors d\u2019un chat en direct avec notre \u00e9quipe d\u2019assistance.<\/p>\n\n<p>Nous fournissons plus d\u2019informations sur les cookies que nous utilisons dans notre politique en mati\u00e8re de cookies.<\/p>\n\n<h2 class=\"wp-block-heading\"><strong><strong><strong>12. Identifiants personnels provenant de votre activit\u00e9 de navigation<\/strong><\/strong><\/strong><\/h2>\n\n<p>Les demandes de pages web et d\u2019autres contenus de notre site web adress\u00e9es \u00e0 nos serveurs par votre navigateur web sont enregistr\u00e9es.<br\/><br\/>Nous enregistrons des informations telles que votre localisation g\u00e9ographique. Votre fournisseur d\u2019acc\u00e8s \u00e0 Internet et votre adresse IP. Nous enregistrons \u00e9galement des informations sur le logiciel que vous utilisez pour naviguer sur notre site web, telles que le type d\u2019ordinateur ou d\u2019appareil et la r\u00e9solution de l\u2019\u00e9cran.  <br\/>Nous utilisons ces informations de mani\u00e8re globale pour \u00e9valuer la popularit\u00e9 des pages web de notre site et la mani\u00e8re dont nous vous fournissons du contenu.<br\/><br\/>Si elles sont combin\u00e9es \u00e0 d\u2019autres informations que nous connaissons sur vous \u00e0 la suite de visites ant\u00e9rieures, les donn\u00e9es peuvent \u00eatre utilis\u00e9es pour vous identifier personnellement, m\u00eame si vous n\u2019\u00eates pas connect\u00e9 \u00e0 notre site web.<\/p>\n\n<h2 class=\"wp-block-heading\"><strong><strong><strong><strong>13. Notre utilisation du re-marketing<\/strong><\/strong><\/strong><\/strong><\/h2>\n\n<p>Le re-marketing consiste \u00e0 placer un cookie sur votre ordinateur lorsque vous naviguez sur notre site web afin de pouvoir vous proposer une publicit\u00e9 pour nos produits ou services lorsque vous visitez un autre site web.<\/p>\n\n<p>Il se peut que nous fassions appel \u00e0 un tiers pour nous fournir des services de re-marketing de temps \u00e0 autre. Dans ce cas, si vous avez consenti \u00e0 l\u2019utilisation de cookies, vous pouvez voir des publicit\u00e9s pour nos produits et services sur d\u2019autres sites web. <\/p>\n\n<h2 class=\"wp-block-heading\"><strong><strong><strong><strong>14. Informations obtenues aupr\u00e8s de tiers<\/strong><\/strong><\/strong><\/strong><\/h2>\n\n<p>Bien que nous ne divulguions pas vos informations personnelles \u00e0 des tiers (sauf dans les cas pr\u00e9vus dans le pr\u00e9sent avis), nous pouvons recevoir des donn\u00e9es indirectement compos\u00e9es de vos informations personnelles de la part de tiers dont nous utilisons les services.<\/p>\n\n<p>Aucune de ces informations ne permet de vous identifier personnellement.Nenhuma dessas informa\u00e7\u00f5es \u00e9 pessoalmente identific\u00e1vel para o utilizador.<\/p>\n\n<h2 class=\"wp-block-heading\"><strong><strong><strong><strong><strong>15. Acc\u00e8s \u00e0 vos informations personnelles<\/strong><\/strong><\/strong><\/strong><\/strong><\/h2>\n\n<p>Pour obtenir une copie de toute information qui n\u2019est pas fournie sur notre site web, vous pouvez nous envoyer une demande \u00e0 info@altanure.org.<br\/>Apr\u00e8s r\u00e9ception de la demande, nous vous indiquerons quand nous pr\u00e9voyons de vous fournir les informations et si nous exigeons des frais pour vous les fournir.<\/p>\n\n<h2 class=\"wp-block-heading\"><strong><strong><strong><strong><strong><strong>16. Suppression de vos informations<\/strong><\/strong><\/strong><\/strong><\/strong><\/strong><\/h2>\n\n<p>Si vous souhaitez que nous supprimions des informations personnellement identifiables de notre site web, vous pouvez nous contacter \u00e0 l\u2019adresse info@altanure.org.<br\/>Cela peut limiter le service que nous pouvons vous fournir.<\/p>\n\n<h2 class=\"wp-block-heading\"><strong><strong><strong><strong><strong><strong>17. V\u00e9rification de vos informations<\/strong><\/strong><\/strong><\/strong><\/strong><\/strong><\/h2>\n\n<p>Lorsque nous recevons une demande d\u2019acc\u00e8s, de modification ou de suppression d\u2019informations personnelles identifiables, nous prenons d\u2019abord des mesures raisonnables pour v\u00e9rifier votre identit\u00e9 avant de vous accorder l\u2019acc\u00e8s ou de prendre toute autre mesure. Cette mesure est importante pour prot\u00e9ger vos informations. <\/p>\n\n<h2 class=\"wp-block-heading\"><strong><strong><strong><strong><strong><strong><strong>18. Utilisation du site par des enfants<\/strong><\/strong><\/strong><\/strong><\/strong><\/strong><\/strong><\/h2>\n\n<p>Nous ne vendons pas de produits ni ne fournissons de services aux enfants, et nous ne faisons pas de marketing aupr\u00e8s des enfants.<br\/>Si vous avez moins de 18 ans, vous ne pouvez utiliser notre site web qu\u2019avec le consentement d\u2019un parent ou d\u2019un tuteur.<br\/>Nous recueillons des donn\u00e9es sur tous les utilisateurs et visiteurs de ces zones, quel que soit leur \u00e2ge, et nous pr\u00e9voyons que certains de ces utilisateurs et visiteurs seront des enfants.<br\/>Ces enfants utilisateurs et visiteurs visiteront in\u00e9vitablement d\u2019autres parties du site et seront soumis \u00e0 toute forme de marketing sur site qu\u2019ils trouveront, quel que soit l\u2019endroit qu\u2019ils visiteront.<\/p>\n\n<h2 class=\"wp-block-heading\"><strong><strong><strong><strong><strong><strong><strong>19. Cryptage des donn\u00e9es envoy\u00e9es entre nous<\/strong><\/strong><\/strong><\/strong><\/strong><\/strong><\/strong><\/h2>\n\n<p>Nous utilisons des certificats SSL (Secure Sockets Layer) pour v\u00e9rifier notre identit\u00e9 aupr\u00e8s de votre navigateur et pour crypter toutes les donn\u00e9es que vous nous communiquez.<\/p>\n\n<p>Chaque fois que des informations sont transf\u00e9r\u00e9es entre nous, vous pouvez v\u00e9rifier qu\u2019elles le sont \u00e0 l\u2019aide du protocole SSL en recherchant un symbole de cadenas ferm\u00e9 ou une autre marque de confiance dans la barre d\u2019URL ou la barre d\u2019outils de votre navigateur.<\/p>\n\n<h2 class=\"wp-block-heading\"><strong><strong><strong><strong><strong><strong><strong>20. R\u00e9clamation<\/strong><\/strong><\/strong><\/strong><\/strong><\/strong><\/strong><\/h2>\n\n<p>Si vous n\u2019\u00eates pas satisfait de notre politique en mati\u00e8re de respect de la vie priv\u00e9e ou si vous avez une plainte \u00e0 formuler, vous pouvez nous en faire part par courrier \u00e9lectronique. Notre adresse est info@altanure.org.<br\/>Si un litige n\u2019est pas r\u00e9gl\u00e9, nous esp\u00e9rons que vous accepterez de tenter de le r\u00e9soudre en vous engageant de bonne foi avec nous dans un processus de m\u00e9diation ou d\u2019arbitrage.<br\/>Si vous n\u2019\u00eates pas satisfait de la mani\u00e8re dont nous traitons vos informations personnelles, vous avez le droit de d\u00e9poser une plainte aupr\u00e8s de l\u2019Information Commissioner\u2019s Office (bureau du commissaire \u00e0 l\u2019information). Vous pouvez le faire \u00e0 l\u2019adresse suivante : https:\/\/ico.org.uk\/concerns\/  <\/p>\n\n<h2 class=\"wp-block-heading\"><strong><strong><strong><strong><strong><strong><strong><strong>21. P\u00e9riode de conservation des donn\u00e9es \u00e0 caract\u00e8re personnel<\/strong><\/strong><\/strong><\/strong><\/strong><\/strong><\/strong><\/strong><\/h2>\n\n<p>Sauf mention contraire dans le pr\u00e9sent avis de confidentialit\u00e9, nous ne conservons vos donn\u00e9es \u00e0 caract\u00e8re personnel que pendant la dur\u00e9e n\u00e9cessaire pour<br\/>\u2013 pour vous fournir les services que vous avez demand\u00e9s<br\/>\u2013 pour nous conformer \u00e0 d\u2019autres lois, y compris pendant la p\u00e9riode exig\u00e9e par nos autorit\u00e9s fiscales<br\/>\u2013 pour \u00e9tayer une r\u00e9clamation ou une d\u00e9fense devant un tribunal.<\/p>\n\n<h2 class=\"wp-block-heading\"><strong><strong><strong><strong><strong><strong><strong><strong>22. Respect de la loi<\/strong><\/strong><\/strong><\/strong><\/strong><\/strong><\/strong><\/strong><\/h2>\n\n<p>Notre politique de protection de la vie priv\u00e9e a \u00e9t\u00e9 \u00e9labor\u00e9e de mani\u00e8re \u00e0 respecter la l\u00e9gislation de tous les pays ou juridictions dans lesquels nous souhaitons exercer nos activit\u00e9s. Si vous pensez qu\u2019elle n\u2019est pas conforme \u00e0 la loi de votre juridiction, nous aimerions que vous nous en fassiez part.<br\/>Toutefois, en fin de compte, c\u2019est \u00e0 vous qu\u2019il appartient de d\u00e9cider si vous souhaitez utiliser notre site web. <\/p>\n\n<h2 class=\"wp-block-heading\"><strong><strong><strong><strong><strong><strong><strong><strong>23. R\u00e9vision de la pr\u00e9sente politique de confidentialit\u00e9<\/strong><\/strong><\/strong><\/strong><\/strong><\/strong><\/strong><\/strong><\/h2>\n\n<p>Nous pouvons mettre \u00e0 jour cet avis de confidentialit\u00e9 de temps \u00e0 autre si n\u00e9cessaire.<br\/>Les conditions qui s\u2019appliquent \u00e0 vous sont celles qui sont affich\u00e9es ici sur notre site web le jour o\u00f9 vous l\u2019utilisez. Nous vous conseillons d\u2019en imprimer une copie pour vos dossiers.<br\/>Si vous avez des questions concernant notre politique de confidentialit\u00e9, veuillez nous contacter. <\/p>\n","protected":false},"excerpt":{"rendered":"<p>1. Le pr\u00e9sent avis a pour but de vous informer de notre politique concernant toutes les informations que nous enregistrons \u00e0 votre sujet. Elle d\u00e9finit les conditions dans lesquelles nous pouvons traiter toute information que nous recueillons aupr\u00e8s de vous ou que vous nous fournissez. Elle couvre les informations susceptibles de vous identifier (\u00ab informations [&hellip;]<\/p>\n","protected":false},"author":1,"featured_media":0,"parent":0,"menu_order":0,"comment_status":"closed","ping_status":"closed","template":"","meta":{"pgc_sgb_lightbox_settings":"","footnotes":""},"class_list":["post-2201","page","type-page","status-publish","hentry"],"blocksy_meta":[],"_links":{"self":[{"href":"https:\/\/altanure.org\/fr\/wp-json\/wp\/v2\/pages\/2201","targetHints":{"allow":["GET"]}}],"collection":[{"href":"https:\/\/altanure.org\/fr\/wp-json\/wp\/v2\/pages"}],"about":[{"href":"https:\/\/altanure.org\/fr\/wp-json\/wp\/v2\/types\/page"}],"author":[{"embeddable":true,"href":"https:\/\/altanure.org\/fr\/wp-json\/wp\/v2\/users\/1"}],"replies":[{"embeddable":true,"href":"https:\/\/altanure.org\/fr\/wp-json\/wp\/v2\/comments?post=2201"}],"version-history":[{"count":1,"href":"https:\/\/altanure.org\/fr\/wp-json\/wp\/v2\/pages\/2201\/revisions"}],"predecessor-version":[{"id":2202,"href":"https:\/\/altanure.org\/fr\/wp-json\/wp\/v2\/pages\/2201\/revisions\/2202"}],"wp:attachment":[{"href":"https:\/\/altanure.org\/fr\/wp-json\/wp\/v2\/media?parent=2201"}],"curies":[{"name":"wp","href":"https:\/\/api.w.org\/{rel}","templated":true}]}}