{"id":3292,"date":"2026-03-18T11:09:00","date_gmt":"2026-03-18T11:09:00","guid":{"rendered":"https:\/\/altanure.org\/?page_id=3292"},"modified":"2026-03-18T11:09:06","modified_gmt":"2026-03-18T11:09:06","slug":"calendario-french","status":"publish","type":"page","link":"https:\/\/altanure.org\/en\/calendario-french\/","title":{"rendered":"Calendario French"},"content":{"rendered":"\n<div class=\"wp-block-stackable-columns alignfull stk-block-columns stk-block stk-cf247fd stk-block-background stk--has-background-overlay\" data-block-id=\"cf247fd\"><style>.stk-cf247fd {background-color:#000000 !important;background-image:url(https:\/\/altanure.org\/wp-content\/uploads\/2026\/02\/CT_graminees-scaled.jpeg) !important;background-repeat:no-repeat !important;padding-top:280px !important;padding-right:35px !important;padding-bottom:280px !important;padding-left:35px !important;margin-bottom:90px !important;}.stk-cf247fd:before{background-color:#000000 !important;opacity:0.3 !important;}@media screen and (max-width:999px){.stk-cf247fd {padding-top:290px !important;padding-bottom:250px !important;}}@media screen and (max-width:689px){.stk-cf247fd {padding-top:220px !important;padding-right:18px !important;padding-bottom:210px !important;padding-left:18px !important;}}<\/style><div class=\"stk-row stk-inner-blocks has-text-align-center stk-block-content stk-content-align stk-cf247fd-column\">\n<div class=\"wp-block-stackable-column stk-block-column stk-column stk-block stk-1d93b9f\" data-v=\"4\" data-block-id=\"1d93b9f\"><style>.stk-1d93b9f-container{margin-top:0px !important;margin-right:0px !important;margin-bottom:0px !important;margin-left:0px !important;}<\/style><div class=\"stk-column-wrapper stk-block-column__content stk-container stk-1d93b9f-container stk--no-background stk--no-padding\"><div class=\"stk-block-content stk-inner-blocks stk-1d93b9f-inner-blocks\">\n<div class=\"wp-block-stackable-heading stk-block-heading stk-block-heading--v2 stk-block stk-ce518cd\" id=\"altanure\" data-block-id=\"ce518cd\"><style>.stk-ce518cd .stk-block-heading__text{font-size:75px !important;color:#fffffe !important;}@media screen and (max-width:999px){.stk-ce518cd .stk-block-heading__text{font-size:50px !important;}}<\/style><h1 class=\"stk-block-heading__text has-text-color\">Ici tr\u00e8s bient\u00f4t<\/h1><\/div>\n\n\n\n<div class=\"wp-block-stackable-text stk-block-text stk-block stk-38dc668\" data-block-id=\"38dc668\"><style>.stk-38dc668 {margin-bottom:60px !important;}.stk-38dc668 .stk-block-text__text{font-size:20px !important;color:var(--theme-palette-color-1, #F4F1E6) !important;text-transform:uppercase !important;}@media screen and (max-width:999px){.stk-38dc668 .stk-block-text__text{font-size:20px !important;}}@media screen and (max-width:689px){.stk-38dc668 {margin-bottom:50px !important;}}<\/style><p class=\"stk-block-text__text has-text-color has-palette-color-8-color has-text-align-center\">TOUT CE QUI SE PASSE \u00c0 ALTANURE<\/p><\/div>\n\n\n\n<div class=\"wp-block-stackable-icon stk-block-icon stk-block stk-d7539cf\" data-block-id=\"d7539cf\"><style>.stk-d7539cf .stk--svg-wrapper .stk--inner-svg svg:last-child{height:35px !important;width:35px !important;}.stk-d7539cf .stk--svg-wrapper .stk--inner-svg svg:last-child, .stk-d7539cf .stk--svg-wrapper .stk--inner-svg svg:last-child :is(g, path, rect, polygon, ellipse){fill:var(--theme-palette-color-8, #ffffff) !important;}<\/style><a class=\"stk-link\" href=\"#scroll-anchor\"><span class=\"stk--svg-wrapper\"><div class=\"stk--inner-svg\"><svg style=\"height:0;width:0\"><defs><linearGradient id=\"linear-gradient-d7539cf\" x1=\"0\" x2=\"100%\" y1=\"0\" y2=\"0\"><stop offset=\"0%\" style=\"stop-opacity:1;stop-color:var(--linear-gradient-d-7539-cf-color-1)\"><\/stop><stop offset=\"100%\" style=\"stop-opacity:1;stop-color:var(--linear-gradient-d-7539-cf-color-2)\"><\/stop><\/linearGradient><\/defs><\/svg><svg class=\"ugb-custom-icon\" xmlns=\"http:\/\/www.w3.org\/2000\/svg\" viewBox=\"0 0 24 33\" aria-hidden=\"true\" width=\"32\" height=\"32\"><path d=\"M14 9c0 1.1-.9 2-2 2s-2-.9-2-2 .9-2 2-2 2 .9 2 2zm10 3v9c0 6.6-5.4 12-12 12S0 27.6 0 21v-9C0 5.4 5.4 0 12 0s12 5.4 12 12zm-2 0c0-5.5-4.5-10-10-10S2 6.5 2 12v9c0 5.5 4.5 10 10 10s10-4.5 10-10v-9z\"\/><\/svg><\/div><\/span><\/a><\/div>\n<\/div><\/div><\/div>\n<\/div><\/div>\n\n\n\n<div class=\"wp-block-stackable-columns stk-block-columns stk-block stk-5d3884e\" data-block-id=\"5d3884e\"><style>.stk-5d3884e {margin-bottom:50px !important;}.stk-5d3884e-column{--stk-column-gap:10px !important;row-gap:50px !important;}<\/style><div class=\"stk-row stk-inner-blocks stk-block-content stk-content-align stk-5d3884e-column\">\n<div class=\"wp-block-stackable-column stk-block-column stk-column stk-block stk-fdb156a\" data-v=\"4\" data-block-id=\"fdb156a\"><style>@media screen and (min-width:690px) and (max-width:999px){.stk-fdb156a {flex:var(--stk-flex-grow, 1) 1 calc(50% - var(--stk-column-gap, 0px) * 1 \/ 2 ) !important;}}<\/style><div class=\"stk-column-wrapper stk-block-column__content stk-container stk-fdb156a-container stk--no-background stk--no-padding\"><div class=\"stk-block-content stk-inner-blocks stk-fdb156a-inner-blocks\"><\/div><\/div><\/div>\n\n\n\n<div class=\"wp-block-stackable-column stk-block-column stk-column stk-block stk-d33a105\" data-v=\"4\" data-block-id=\"d33a105\"><style>@media screen and (min-width:690px) and (max-width:999px){.stk-d33a105 {flex:var(--stk-flex-grow, 1) 1 calc(50% - var(--stk-column-gap, 0px) * 1 \/ 2 ) !important;}}<\/style><div class=\"stk-column-wrapper stk-block-column__content stk-container stk-d33a105-container stk--no-background stk--no-padding\"><div class=\"stk-block-content stk-inner-blocks stk-d33a105-inner-blocks\"><\/div><\/div><\/div>\n\n\n\n<div class=\"wp-block-stackable-column stk-block-column stk-column stk-block stk-7d21ed2\" data-v=\"4\" data-block-id=\"7d21ed2\"><style>@media screen and (min-width:690px) and (max-width:999px){.stk-7d21ed2 {flex:var(--stk-flex-grow, 1) 1 calc(100% - var(--stk-column-gap, 0px) * 0 \/ 1 ) !important;}}<\/style><div class=\"stk-column-wrapper stk-block-column__content stk-container stk-7d21ed2-container stk--no-background stk--no-padding\"><div class=\"stk-block-content stk-inner-blocks stk-7d21ed2-inner-blocks\"><\/div><\/div><\/div>\n<\/div><\/div>\n\n\n\n<div class=\"wp-block-stackable-spacer stk-block-spacer stk--no-padding stk-block stk-be7a5a6\" data-block-id=\"be7a5a6\"><style>.stk-be7a5a6 {height:130px !important;}@media screen and (max-width:999px){.stk-be7a5a6 {height:80px !important;}}@media screen and (max-width:689px){.stk-be7a5a6 {height:50px !important;}}<\/style><\/div>\n","protected":false},"excerpt":{"rendered":"<p>Ici tr\u00e8s bient\u00f4t TOUT CE QUI SE PASSE \u00c0 ALTANURE<\/p>\n","protected":false},"author":2,"featured_media":0,"parent":0,"menu_order":0,"comment_status":"closed","ping_status":"closed","template":"","meta":{"pgc_sgb_lightbox_settings":"","footnotes":""},"class_list":["post-3292","page","type-page","status-publish","hentry"],"blocksy_meta":{"page_title_panel":"","has_hero_section":"disabled","c47558e08b0d6a61fddb15c4085f9dc8":"","hero_section":"type-1","hero_elements":[{"id":"custom_title","enabled":true,"heading_tag":"h1","title":"Home"},{"id":"custom_description","enabled":true,"description_visibility":{"desktop":true,"tablet":true,"mobile":false}},{"id":"custom_meta","enabled":false,"meta_elements":[{"id":"author","enabled":true,"label":"By","has_author_avatar":"yes","avatar_size":25},{"id":"post_date","enabled":true,"label":"On","date_format_source":"default","date_format":"M j, Y"},{"id":"updated_date","enabled":false,"label":"On","date_format_source":"default","date_format":"M j, Y"},{"id":"categories","enabled":false,"label":"In","style":"simple"},{"id":"comments","enabled":true}],"page_meta_elements":{"joined":true,"articles_count":true,"comments":true}},{"id":"breadcrumbs","enabled":false}],"56102eafb93222cf5a5e2fba5513b8e3":"","hero_alignment1":"CT_CSS_SKIP_RULE","hero_margin":40,"hero_alignment2":"center","hero_vertical_alignment":"center","ca709645c4efaddcaa34aaaaf52b7d3d":"","hero_structure":"narrow","eacb86259bc2033a62aefbc2513d5cac":"","page_title_bg_type":"featured_image","custom_hero_background":{"attachment_id":null},"parallax":{"desktop":false,"tablet":false,"mobile":false},"231eb165025b63fdcbebf3243ae171fe":"","hero_height":"250px","pageTitleFont":{"family":"Default","variation":"Default","size":"30px","line-height":"CT_CSS_SKIP_RULE","letter-spacing":"CT_CSS_SKIP_RULE","text-transform":"CT_CSS_SKIP_RULE","text-decoration":"CT_CSS_SKIP_RULE"},"pageTitleFontColor":{"default":{"color":"CT_CSS_SKIP_RULEDEFAULT"}},"pageMetaFont":{"family":"Default","variation":"n6","size":"12px","line-height":"1.3","letter-spacing":"CT_CSS_SKIP_RULE","text-transform":"uppercase","text-decoration":"CT_CSS_SKIP_RULE"},"pageMetaFontColor":{"default":{"color":"CT_CSS_SKIP_RULEDEFAULT"},"hover":{"color":"CT_CSS_SKIP_RULEDEFAULT"}},"page_meta_button_type_font_colors":{"default":{"color":"CT_CSS_SKIP_RULEDEFAULT"},"hover":{"color":"CT_CSS_SKIP_RULEDEFAULT"}},"page_meta_button_type_background_colors":{"default":{"color":"CT_CSS_SKIP_RULEDEFAULT"},"hover":{"color":"CT_CSS_SKIP_RULEDEFAULT"}},"pageExcerptFont":{"family":"Default","variation":"Default","size":"CT_CSS_SKIP_RULE","line-height":"CT_CSS_SKIP_RULE","letter-spacing":"CT_CSS_SKIP_RULE","text-transform":"CT_CSS_SKIP_RULE","text-decoration":"CT_CSS_SKIP_RULE"},"pageExcerptColor":{"default":{"color":"CT_CSS_SKIP_RULEDEFAULT"}},"breadcrumbsFont":{"family":"Default","variation":"Default","size":"CT_CSS_SKIP_RULE","line-height":"CT_CSS_SKIP_RULE","letter-spacing":"CT_CSS_SKIP_RULE","text-transform":"CT_CSS_SKIP_RULE","text-decoration":"CT_CSS_SKIP_RULE"},"breadcrumbsFontColor":{"default":{"color":"CT_CSS_SKIP_RULEDEFAULT"},"initial":{"color":"CT_CSS_SKIP_RULEDEFAULT"},"hover":{"color":"CT_CSS_SKIP_RULEDEFAULT"}},"pageTitleOverlay":{"background_type":"color","background_pattern":"type-1","background_image":{"attachment_id":null,"x":0,"y":0},"gradient":"linear-gradient(135deg,rgba(6,147,227,1) 0%,rgb(155,81,224) 100%)","background_repeat":"repeat","background_size":"auto","background_attachment":"scroll","patternColor":{"default":{"color":"#e5e7ea"}},"overlayColor":{"default":{"color":"CT_CSS_SKIP_RULE"}},"backgroundColor":{"default":{"color":"CT_CSS_SKIP_RULE"}}},"pageTitleBackground":{"background_type":"color","background_pattern":"type-1","background_image":{"attachment_id":null,"x":0,"y":0},"gradient":"linear-gradient(135deg,rgba(6,147,227,1) 0%,rgb(155,81,224) 100%)","background_repeat":"repeat","background_size":"auto","background_attachment":"scroll","patternColor":{"default":{"color":"#e5e7ea"}},"overlayColor":{"default":{"color":"CT_CSS_SKIP_RULE"}},"backgroundColor":{"default":{"color":"var(--theme-palette-color-6)"}}},"pageTitlePadding":{"top":"50px","bottom":"50px","left":"auto","right":"auto","linked":true},"6c663475722740d10e7cc22d99830a35":"","page_structure_type":"default","8da12442df6c7f7f3fa315c15fd81a79":"","content_style_source":"inherit","content_style":"wide","vertical_spacing_source":"custom","content_area_spacing":"none","background":{"background_type":"color","background_pattern":"type-1","background_image":{"attachment_id":null,"x":0,"y":0},"gradient":"linear-gradient(135deg,rgba(6,147,227,1) 0%,rgb(155,81,224) 100%)","background_repeat":"repeat","background_size":"auto","background_attachment":"scroll","patternColor":{"default":{"color":"#e5e7ea"}},"overlayColor":{"default":{"color":"CT_CSS_SKIP_RULE"}},"backgroundColor":{"default":{"color":"CT_CSS_SKIP_RULE"}}},"content_background":{"background_type":"color","background_pattern":"type-1","background_image":{"attachment_id":null,"x":0,"y":0},"gradient":"linear-gradient(135deg,rgba(6,147,227,1) 0%,rgb(155,81,224) 100%)","background_repeat":"repeat","background_size":"auto","background_attachment":"scroll","patternColor":{"default":{"color":"#e5e7ea"}},"overlayColor":{"default":{"color":"CT_CSS_SKIP_RULE"}},"backgroundColor":{"default":{"color":"var(--theme-palette-color-8)"}}},"content_boxed_shadow":{"inherit":false,"blur":18,"spread":-6,"v_offset":12,"h_offset":0,"inset":false,"enable":true,"color":{"color":"rgba(34, 56, 101, 0.04)"}},"boxed_content_spacing":{"desktop":{"top":"40px","bottom":"40px","left":"40px","right":"40px","linked":true},"tablet":{"top":"35px","bottom":"35px","left":"35px","right":"35px","linked":true},"mobile":{"top":"20px","bottom":"20px","left":"20px","right":"20px","linked":true}},"content_boxed_radius":{"top":"3px","bottom":"3px","left":"3px","right":"3px","linked":true},"0999451ffb064dfd22d30b4ae0fb4bdc":"","disable_featured_image":"no","disable_share_box":"no","disable_header":"no","disable_footer":"no","styles_descriptor":{"styles":{"desktop":"","tablet":"","mobile":""},"google_fonts":[],"version":6}},"_links":{"self":[{"href":"https:\/\/altanure.org\/en\/wp-json\/wp\/v2\/pages\/3292","targetHints":{"allow":["GET"]}}],"collection":[{"href":"https:\/\/altanure.org\/en\/wp-json\/wp\/v2\/pages"}],"about":[{"href":"https:\/\/altanure.org\/en\/wp-json\/wp\/v2\/types\/page"}],"author":[{"embeddable":true,"href":"https:\/\/altanure.org\/en\/wp-json\/wp\/v2\/users\/2"}],"replies":[{"embeddable":true,"href":"https:\/\/altanure.org\/en\/wp-json\/wp\/v2\/comments?post=3292"}],"version-history":[{"count":1,"href":"https:\/\/altanure.org\/en\/wp-json\/wp\/v2\/pages\/3292\/revisions"}],"predecessor-version":[{"id":3293,"href":"https:\/\/altanure.org\/en\/wp-json\/wp\/v2\/pages\/3292\/revisions\/3293"}],"wp:attachment":[{"href":"https:\/\/altanure.org\/en\/wp-json\/wp\/v2\/media?parent=3292"}],"curies":[{"name":"wp","href":"https:\/\/api.w.org\/{rel}","templated":true}]}}